{"id":69,"date":"2015-04-26T13:48:14","date_gmt":"2015-04-26T13:48:14","guid":{"rendered":"http:\/\/whitecollars.co\/tilt-demo\/?page_id=69"},"modified":"2017-09-24T12:49:05","modified_gmt":"2017-09-24T16:49:05","slug":"our-services","status":"publish","type":"page","link":"https:\/\/www.altagestionimmo.com\/fr\/our-services\/","title":{"rendered":"Nos Services"},"content":{"rendered":"<p>[vc_row top=&#8221;260px&#8221; bottom=&#8221;220px&#8221; content_fadeout=&#8221;content-fadeout&#8221; textalign=&#8221;center&#8221; bg_type=&#8221;image&#8221; scale_bg=&#8221;scale-bg&#8221; bg_cover=&#8221;cover&#8221; bg_repeat=&#8221;no-repeat&#8221; bg_position=&#8221;Center center&#8221; overlay_pattern=&#8221;sm_dot_w&#8221; overlay_pattern_op=&#8221;0.2&#8243; slope_bottom=&#8221;slope-bottom&#8221; slope_bottom_height=&#8221;60px&#8221; row_seperator=&#8221;no-seperator&#8221; font_color=&#8221;#ffffff&#8221; bg_color=&#8221;#414042&#8243; slope_bottom_color=&#8221;#ffffff&#8221; bg_image=&#8221;5875&#8243; overlay_color=&#8221;rgba(65,64,66,0.3)&#8221;][vc_column][vc_heading h_size=&#8221;h-extralarge&#8221; title_color=&#8221;#ffffff&#8221; subtitle_color=&#8221;#ffffff&#8221; alignment=&#8221;align-left&#8221;][\/vc_column][\/vc_row][vc_row top=&#8221;100px&#8221; bottom=&#8221;30px&#8221;][vc_column width=&#8221;2\/3&#8243;][vc_heading h_size=&#8221;h-large&#8221; title=&#8221;UN \u00c9VANTAIL COMPLET DE SERVICES&#8221; divider=&#8221;div-between&#8221; alignment=&#8221;align-left&#8221;][vc_column_text]La gestion immobili\u00e8re implique plusieurs activit\u00e9s qui n\u00e9cessitent l\u2019attention aux d\u00e9tails, la r\u00e9ceptivit\u00e9 et l\u2019action pour maintenir et optimiser la rentabilit\u00e9 des secteurs r\u00e9sidentiels et commerciaux. Nos services incluent, entre autres\u00a0:[\/vc_column_text][\/vc_column][vc_column width=&#8221;1\/3&#8243;][\/vc_column][\/vc_row][vc_row top=&#8221;0px&#8221; row_seperator=&#8221;no-seperator&#8221;][vc_column width=&#8221;1\/3&#8243;][vc_single_image image=&#8221;15&#8243; img_size=&#8221;1000&#215;500&#8243; style=&#8221;vc_box_rounded&#8221;][vc_empty_space height=&#8221;20px&#8221;][vc_column_text]<\/p>\n<h5><strong>GESTION DE LA LOCATION<\/strong><\/h5>\n<h5><strong>\u00a0<\/strong><\/h5>\n<p>[\/vc_column_text][vc_empty_space height=&#8221;20px&#8221;][vc_column_text]<\/p>\n<ul>\n<li>Location d\u2019unit\u00e9s vacants<\/li>\n<li>Enqu\u00eates de cr\u00e9dit et propositions de locataires potentiels<\/li>\n<li>Collecte de loyers, n\u00e9gociation de baux et renouvellements<\/li>\n<li>Proc\u00e9dures administratives reli\u00e9es \u00e0 la R\u00e9gie du logement<\/li>\n<li>N\u00e9gociation de baux commerciaux<\/li>\n<\/ul>\n<p>[\/vc_column_text][vc_empty_space height=&#8221;30px&#8221;][\/vc_column][vc_column width=&#8221;1\/3&#8243;][vc_single_image image=&#8221;15&#8243; img_size=&#8221;1000&#215;500&#8243; style=&#8221;vc_box_rounded&#8221;][vc_empty_space height=&#8221;20px&#8221;][vc_column_text]<\/p>\n<h5><strong>COMPTABILIT\u00c9<\/strong><\/h5>\n<p>[\/vc_column_text][vc_empty_space height=&#8221;20px&#8221;][vc_column_text]<\/p>\n<ul>\n<li>Budgets<\/li>\n<li>Tenue de comptes<\/li>\n<li>Rapports trimestrielles sur la T.P.S \/T.V.Q<\/li>\n<li>Pr\u00e9parations de fin d\u2019ann\u00e9e<\/li>\n<li>Frais d&#8217;entretien de la zone commune par pied carr\u00e9 (CAM)<\/li>\n<\/ul>\n<p>[\/vc_column_text][vc_empty_space height=&#8221;30px&#8221;][\/vc_column][vc_column width=&#8221;1\/3&#8243;][vc_single_image image=&#8221;15&#8243; img_size=&#8221;1000&#215;500&#8243; style=&#8221;vc_box_rounded&#8221;][vc_empty_space height=&#8221;20px&#8221;][vc_column_text]<\/p>\n<h5><strong>FINANCES ET ADMINISTRATION <\/strong><\/h5>\n<p>[\/vc_column_text][vc_empty_space height=&#8221;20px&#8221;][vc_column_text]<\/p>\n<ul>\n<li>Rapports mensuels d\u00e9taill\u00e9s pour le propri\u00e9taire immobilier, comtes payables et comptes \u00e0 recevoir<\/li>\n<li>N\u00e9gociations sur polices d\u2019assurance<\/li>\n<li>Paiement des taxes et factures<\/li>\n<\/ul>\n<p>[\/vc_column_text][vc_empty_space height=&#8221;30px&#8221;][\/vc_column][\/vc_row][vc_row top=&#8221;0px&#8221; row_seperator=&#8221;no-seperator&#8221;][vc_column width=&#8221;1\/3&#8243;][vc_single_image image=&#8221;15&#8243; img_size=&#8221;1000&#215;500&#8243; style=&#8221;vc_box_rounded&#8221;][vc_empty_space height=&#8221;20px&#8221;][vc_column_text]<\/p>\n<h5><strong>MAINTENANCE &amp; ADMINISTRATION<br \/>\n<\/strong><\/h5>\n<p>[\/vc_column_text][vc_empty_space height=&#8221;20px&#8221;][vc_column_text]<\/p>\n<ul>\n<li>Maintenance et r\u00e9parations<\/li>\n<li>R\u00e9parations sur la propri\u00e9t\u00e9 et contrats<\/li>\n<li>Budgets pour r\u00e9parations pr\u00e9ventives<\/li>\n<li>Respect destermes des baux commerciaux<\/li>\n<li>Inspection des sites<\/li>\n<li>Supervision des sites<\/li>\n<\/ul>\n<p>[\/vc_column_text][vc_empty_space height=&#8221;30px&#8221;][\/vc_column][vc_column width=&#8221;1\/3&#8243;][vc_single_image image=&#8221;15&#8243; img_size=&#8221;1000&#215;500&#8243; style=&#8221;vc_box_rounded&#8221;][vc_empty_space height=&#8221;20px&#8221;][vc_column_text]<\/p>\n<h5><strong>PLANIFICATION et CONCEPTION<br \/>\n<\/strong><\/h5>\n<h5><strong>\u00a0<\/strong><\/h5>\n<p>[\/vc_column_text][vc_empty_space height=&#8221;20px&#8221;][vc_column_text]<\/p>\n<ul>\n<li>Mesure de l\u2019espace commercial et zone commune<\/li>\n<li>Am\u00e9nagement et conception des bureaux<\/li>\n<li>Plans de zone locative<\/li>\n<li>Zonage et usage<\/li>\n<\/ul>\n<p>[\/vc_column_text][vc_empty_space height=&#8221;30px&#8221;][\/vc_column][vc_column width=&#8221;1\/3&#8243;][vc_single_image image=&#8221;15&#8243; img_size=&#8221;1000&#215;500&#8243; style=&#8221;vc_box_rounded&#8221;][vc_empty_space height=&#8221;20px&#8221;][vc_column_text]<\/p>\n<h5><strong>AUTRES SERVICES<\/strong><\/h5>\n<p>[\/vc_column_text][vc_empty_space height=&#8221;20px&#8221;][vc_column_text]<\/p>\n<ul>\n<li>Courtage en achat\/vente certifi\u00e9<\/li>\n<li>Consultation pour acquisition ou financement<\/li>\n<li>Analyse des estimations de prix provenant de sous-traitants (d\u00e9neigement, nettoyage)<\/li>\n<li>Services d\u2019urgence 24\/7: num\u00e9ro d\u2019urgence accessible aux locataires<\/li>\n<\/ul>\n<p>[\/vc_column_text][vc_empty_space height=&#8221;30px&#8221;][\/vc_column][\/vc_row]<\/p>\n","protected":false},"excerpt":{"rendered":"<p>[vc_row top=&#8221;260px&#8221; bottom=&#8221;220px&#8221; content_fadeout=&#8221;content-fadeout&#8221; textalign=&#8221;center&#8221; bg_type=&#8221;image&#8221; scale_bg=&#8221;scale-bg&#8221; bg_cover=&#8221;cover&#8221; bg_repeat=&#8221;no-repeat&#8221; bg_position=&#8221;Center center&#8221; overlay_pattern=&#8221;sm_dot_w&#8221; overlay_pattern_op=&#8221;0.2&#8243; slope_bottom=&#8221;slope-bottom&#8221; slope_bottom_height=&#8221;60px&#8221; row_seperator=&#8221;no-seperator&#8221; font_color=&#8221;#ffffff&#8221; bg_color=&#8221;#414042&#8243; slope_bottom_color=&#8221;#ffffff&#8221; bg_image=&#8221;5875&#8243; overlay_color=&#8221;rgba(65,64,66,0.3)&#8221;][vc_column][vc_heading h_size=&#8221;h-extralarge&#8221; title_color=&#8221;#ffffff&#8221; subtitle_color=&#8221;#ffffff&#8221; alignment=&#8221;align-left&#8221;][\/vc_column][\/vc_row][vc_row top=&#8221;100px&#8221; bottom=&#8221;30px&#8221;][vc_column width=&#8221;2\/3&#8243;][vc_heading h_size=&#8221;h-large&#8221; title=&#8221;UN \u00c9VANTAIL COMPLET DE SERVICES&#8221; divider=&#8221;div-between&#8221; alignment=&#8221;align-left&#8221;][vc_column_text]La gestion immobili\u00e8re implique plusieurs activit\u00e9s qui n\u00e9cessitent l\u2019attention aux d\u00e9tails, la r\u00e9ceptivit\u00e9 et l\u2019action pour maintenir et optimiser la rentabilit\u00e9 des secteurs r\u00e9sidentiels et commerciaux. Nos services incluent, entre autres\u00a0:[\/vc_column_text][\/vc_column][vc_column width=&#8221;1\/3&#8243;][\/vc_column][\/vc_row][vc_row top=&#8221;0px&#8221; row_seperator=&#8221;no-seperator&#8221;][vc_column width=&#8221;1\/3&#8243;][vc_single_image image=&#8221;15&#8243; img_size=&#8221;1000&#215;500&#8243; style=&#8221;vc_box_rounded&#8221;][vc_empty_space height=&#8221;20px&#8221;][vc_column_text] GESTION&#8230;  <\/p>\n<div class=\"read-more\"><a class=\"excerpt-read-more\" href=\"https:\/\/www.altagestionimmo.com\/fr\/our-services\/\" title=\"Continue reading Nos Services\">Read more<i class=\"fa fa-angle-right\"><\/i><\/a><\/div>\n","protected":false},"author":6,"featured_media":0,"parent":0,"menu_order":0,"comment_status":"open","ping_status":"open","template":"page-full-width.php","meta":{"footnotes":""},"class_list":["post-69","page","type-page","status-publish","hentry"],"translation":{"provider":"WPGlobus","version":"3.0.2","language":"fr","enabled_languages":["en","fr"],"languages":{"en":{"title":true,"content":true,"excerpt":false},"fr":{"title":true,"content":true,"excerpt":false}}},"_links":{"self":[{"href":"https:\/\/www.altagestionimmo.com\/fr\/wp-json\/wp\/v2\/pages\/69","targetHints":{"allow":["GET"]}}],"collection":[{"href":"https:\/\/www.altagestionimmo.com\/fr\/wp-json\/wp\/v2\/pages"}],"about":[{"href":"https:\/\/www.altagestionimmo.com\/fr\/wp-json\/wp\/v2\/types\/page"}],"author":[{"embeddable":true,"href":"https:\/\/www.altagestionimmo.com\/fr\/wp-json\/wp\/v2\/users\/6"}],"replies":[{"embeddable":true,"href":"https:\/\/www.altagestionimmo.com\/fr\/wp-json\/wp\/v2\/comments?post=69"}],"version-history":[{"count":43,"href":"https:\/\/www.altagestionimmo.com\/fr\/wp-json\/wp\/v2\/pages\/69\/revisions"}],"predecessor-version":[{"id":6031,"href":"https:\/\/www.altagestionimmo.com\/fr\/wp-json\/wp\/v2\/pages\/69\/revisions\/6031"}],"wp:attachment":[{"href":"https:\/\/www.altagestionimmo.com\/fr\/wp-json\/wp\/v2\/media?parent=69"}],"curies":[{"name":"wp","href":"https:\/\/api.w.org\/{rel}","templated":true}]}}